{"id":223,"date":"2021-11-04T14:54:50","date_gmt":"2021-11-04T14:54:50","guid":{"rendered":"http:\/\/news.1ntel.fr\/index.php\/inde\/"},"modified":"2021-11-04T22:46:13","modified_gmt":"2021-11-04T22:46:13","slug":"inde","status":"publish","type":"page","link":"https:\/\/news.1ntel.fr\/index.php\/international-tableau-de-bord\/inde\/","title":{"rendered":"Inde"},"content":{"rendered":"<div id=\"pl-gb223-69f9d8873555f\"  class=\"panel-layout\" ><div id=\"pg-gb223-69f9d8873555f-0\"  class=\"panel-grid panel-no-style\" ><div id=\"pgc-gb223-69f9d8873555f-0-0\"  class=\"panel-grid-cell\" ><div id=\"panel-gb223-69f9d8873555f-0-0-0\" class=\"so-panel widget widget_super_rss_reader panel-first-child panel-last-child\" data-index=\"0\" ><h3 class=\"widget-title\">Inde<\/h3><!-- Start - Super RSS Reader v5.4-->\r\n        <div class=\"super-rss-reader-widget\"><div class=\"srr-main\"><div class=\"srr-wrap srr-style-card srr-grid srr-g-col-2 srr-pad-items\" data-visible=\"5\" data-speed=\"4000\" data-id=\"srr-tab-840\"><div class=\"srr-inner\"><div class=\"srr-item\" ><div class=\"srr-item-in srr-clearfix\"><div class=\"srr-title\"><a href=\"https:\/\/www.hindustantimes.com\/business\/india-is-now-russias-second-largest-supplier-of-restricted-technology-details-101728701062068.html\" target=\"_blank\" rel=\"nofollow noopener noreferrer\" title=\"India is now Russia&#039;s second largest supplier of restricted technology: Details\">India is now Russia&#039;s second largest supplier of restricted technology: Details<\/a><\/div>\n<div class=\"srr-meta\"><time class=\"srr-date\" title=\"22 October 2024, 10:51 pm UTC\">22 octobre 2024<\/time><\/div>\n<a href=\"https:\/\/www.hindustantimes.com\/business\/india-is-now-russias-second-largest-supplier-of-restricted-technology-details-101728701062068.html\" class=\"srr-thumb srr-thumb-align_left\" style=\"width:64px;height:64px;\"  target=\"_blank\" rel=\"nofollow noopener noreferrer\"><img decoding=\"async\" src=\"https:\/\/www.hindustantimes.com\/ht-img\/img\/2024\/10\/12\/550x309\/c0300c12-3c0d-11ec-9fcc-fee95dab7a3e_1635879228860_1728701971634.jpg\" alt=\"India is now Russia&#039;s second largest supplier of restricted technology: Details\" align=\"left\" loading=\"lazy\" \/><\/a>\n<div class=\"srr-summary srr-clearfix\"><p>India has surged to become the second-biggest supplier of restricted critical technologies to Russia, US and European officials said, highlighting the challenge in efforts to choke off exports fueling President Vladimir Putin\u2019s war machine. Indian exports of restricted items such as microchips, circuits and machine tools surpassed $60 million in both April and May, about double from earlier months this year (Archive) Indian exports of restricted items such as microchips, circuits and machine tools surpassed $60 million in both April and May, about double from earlier months this year, and leaped to $95 million in July, according to the officials,\u2026 <a href=\"https:\/\/www.hindustantimes.com\/business\/india-is-now-russias-second-largest-supplier-of-restricted-technology-details-101728701062068.html\" title=\"Read more\" target=\"_blank\" rel=\"nofollow noopener noreferrer\" class=\"srr-read-more\">[&#8230;]<\/a><\/p><\/div><\/div><\/div><div class=\"srr-item srr-stripe srr-last-row-item\" ><div class=\"srr-item-in srr-clearfix\"><div class=\"srr-title\"><a href=\"https:\/\/thediplomat.com\/2023\/12\/how-india-arrived-on-the-world-stage-in-2023\/\" target=\"_blank\" rel=\"nofollow noopener noreferrer\" title=\"How India Arrived on the World Stage in 2023\">How India Arrived on the World Stage in 2023<\/a><\/div>\n<div class=\"srr-meta\"><time class=\"srr-date\" title=\"20 December 2023, 1:45 pm UTC\">20 d\u00e9cembre 2023<\/time><\/div>\n<a href=\"https:\/\/thediplomat.com\/2023\/12\/how-india-arrived-on-the-world-stage-in-2023\/\" class=\"srr-thumb srr-thumb-align_left\" style=\"width:64px;height:64px;\"  target=\"_blank\" rel=\"nofollow noopener noreferrer\"><img decoding=\"async\" src=\"https:\/\/thediplomat.com\/wp-content\/themes\/td_theme_v3\/assets\/logo\/diplomat_logo_black.jpg\" alt=\"How India Arrived on the World Stage in 2023\" align=\"left\" loading=\"lazy\" \/><\/a>\n<div class=\"srr-summary srr-clearfix\"><p>Read The Diplomat, Know The Asia-Pacific Beyond its role as a major military and strategic player, hundreds of millions of Indians are participating in and shaping global technological, cultural, and economic trends. Credit: Wikimedia Commons\/Ville Hyvonen The story of India\u2019s rise has been a familiar one for over a decade now. But in many ways, this past year \u2014 2023 \u2014 is the year when this rising India has truly arrived on the world stage as a great power, noticed by both the West and the nebulous \u201cGlobal South.\u201d The following are some of the key ways that India has\u2026 <a href=\"https:\/\/thediplomat.com\/2023\/12\/how-india-arrived-on-the-world-stage-in-2023\/\" title=\"Read more\" target=\"_blank\" rel=\"nofollow noopener noreferrer\" class=\"srr-read-more\">[&#8230;]<\/a><\/p><\/div><\/div><\/div><div class=\"srr-item srr-stripe\" ><div class=\"srr-item-in srr-clearfix\"><div class=\"srr-title\"><a href=\"https:\/\/cybernews.com\/editorial\/india-fast-track-towards-tech-superpower\/\" target=\"_blank\" rel=\"nofollow noopener noreferrer\" title=\"India\u2019s on fast track to tech superpower status\">India\u2019s on fast track to tech superpower status<\/a><\/div>\n<div class=\"srr-meta\"><time class=\"srr-date\" title=\"16 September 2023, 6:12 pm UTC\">16 septembre 2023<\/time><\/div>\n<a href=\"https:\/\/cybernews.com\/editorial\/india-fast-track-towards-tech-superpower\/\" class=\"srr-thumb srr-thumb-align_left\" style=\"width:64px;height:64px;\"  target=\"_blank\" rel=\"nofollow noopener noreferrer\"><img decoding=\"async\" src=\"https:\/\/media.cybernews.com\/2023\/09\/diksha.png\" alt=\"India\u2019s on fast track to tech superpower status\" align=\"left\" loading=\"lazy\" \/><\/a>\n<div class=\"srr-summary srr-clearfix\"><p>Nvidia hailing India as a \u201cglobal tech superpower\u201d raised many eyebrows, given the country\u2019s history of superstitious beliefs and caste discrimination. Yet the progress is real, and India still has much untapped potential that could see it justify its ambition to become a top-three global economy ahead of Germany and Japan. Pulkit Mathur, once a dentist, has transitioned into an entrepreneur in India. He currently oversees two tech companies, Queppelin and Vossle, which focus on Metaverse, immersive experiences, AR, VR, and gaming, and has witnessed India&#039;s transformation into a tech powerhouse firsthand. Nvidia\u2019s assessment, he believes, \u201cis based on sentiment\u2026 <a href=\"https:\/\/cybernews.com\/editorial\/india-fast-track-towards-tech-superpower\/\" title=\"Read more\" target=\"_blank\" rel=\"nofollow noopener noreferrer\" class=\"srr-read-more\">[&#8230;]<\/a><\/p><\/div><\/div><\/div><div class=\"srr-item srr-last-row-item\" ><div class=\"srr-item-in srr-clearfix\"><div class=\"srr-title\"><a href=\"https:\/\/www.afrique-asie.fr\/utsa-patnaik-le-regime-colonial-britannique-raj-a-siphonne-linde-de-45-000-milliards-de-dollars\/\" target=\"_blank\" rel=\"nofollow noopener noreferrer\" title=\"Utsa Patnaik : \u00ab Le r\u00e9gime colonial britannique (Raj) a siphonn\u00e9 l\u2019Inde de 45 000 milliards de dollars \u00bb\">Utsa Patnaik : \u00ab Le r\u00e9gime colonial britannique (Raj) a siphonn\u00e9 l\u2019Inde de 45 000 milliards de dollars \u00bb<\/a><\/div>\n<div class=\"srr-meta\"><time class=\"srr-date\" title=\"19 October 2022, 7:06 am UTC\">19 octobre 2022<\/time><\/div>\n<a href=\"https:\/\/www.afrique-asie.fr\/utsa-patnaik-le-regime-colonial-britannique-raj-a-siphonne-linde-de-45-000-milliards-de-dollars\/\" class=\"srr-thumb srr-thumb-align_left\" style=\"width:64px;height:64px;\"  target=\"_blank\" rel=\"nofollow noopener noreferrer\"><img decoding=\"async\" src=\"https:\/\/www.afrique-asie.fr\/wp-content\/uploads\/2022\/10\/Utsa-Patnaik-kN5C-920x613@LiveMint.jpg\" alt=\"Utsa Patnaik : \u00ab Le r\u00e9gime colonial britannique (Raj) a siphonn\u00e9 l\u2019Inde de 45 000 milliards de dollars \u00bb\" align=\"left\" loading=\"lazy\" \/><\/a>\n<div class=\"srr-summary srr-clearfix\"><p>\u2013 Pour l\u2019\u00e9conomiste et historienne Utsa Patnaik, l\u2019Inde doit commercer davantage avec d\u2019autres pays en d\u00e9veloppement et le faire \u00e0 des conditions qui ne soient pas exploitantes, ce que l\u2019on appelle essentiellement le commerce \u00e9quitable. Photo : Pradeep Gaur\/MintNew Delhi : Lorsque l\u2019\u00e9conomiste de renom Utsa Patnaik a commenc\u00e9 \u00e0 passer au crible les vieux trait\u00e9s d\u2019histoire \u00e9conomique britannique afin de comprendre la nature des relations fiscales entre Londres et l\u2019Inde coloniale, le sort du Kohinoor n\u2019\u00e9tait pas vraiment dans l\u2019actualit\u00e9 ; Shashi Tharoor ne s\u2019\u00e9tait pas encore prononc\u00e9 en faveur des r\u00e9parations \u00e0 l\u2019Universit\u00e9 d\u2019Oxford \u2013 un discours qui\u2026 <a href=\"https:\/\/www.afrique-asie.fr\/utsa-patnaik-le-regime-colonial-britannique-raj-a-siphonne-linde-de-45-000-milliards-de-dollars\/\" title=\"Read more\" target=\"_blank\" rel=\"nofollow noopener noreferrer\" class=\"srr-read-more\">[&#8230;]<\/a><\/p><\/div><\/div><\/div><div class=\"srr-item\" ><div class=\"srr-item-in srr-clearfix\"><div class=\"srr-title\"><a href=\"https:\/\/cio.economictimes.indiatimes.com\/news\/corporate-news\/ibm-bets-big-on-india-to-open-more-software-development-centres\/87812258?utm_source=RSS&#038;utm_medium=ETRSS&#038;redirect=1\" target=\"_blank\" rel=\"nofollow noopener noreferrer\" title=\"IBM bets big on India, to open more software development centres - ET CIO\">IBM bets big on India, to open more software development centres &#8211; ET CIO<\/a><\/div>\n<div class=\"srr-meta\"><time class=\"srr-date\" title=\"22 November 2021, 11:03 pm UTC\">22 novembre 2021<\/time><\/div>\n<a href=\"https:\/\/cio.economictimes.indiatimes.com\/news\/corporate-news\/ibm-bets-big-on-india-to-open-more-software-development-centres\/87812258?utm_source=RSS&#038;utm_medium=ETRSS&#038;redirect=1\" class=\"srr-thumb srr-thumb-align_left\" style=\"width:64px;height:64px;\"  target=\"_blank\" rel=\"nofollow noopener noreferrer\"><img decoding=\"async\" src=\"https:\/\/etimg.etb2bimg.com\/thumb\/msid-87812258,imgsize-11688,width-1200,height-628,overlay-etcio\/ibm-bets-big-on-india-to-open-more-software-development-centres.jpg\" alt=\"IBM bets big on India, to open more software development centres - ET CIO\" align=\"left\" loading=\"lazy\" \/><\/a>\n<div class=\"srr-summary srr-clearfix\"><p>New Delhi: US tech giant IBM is betting big on the India growth story and plans to open more software development centres in the country as it looks to partner with the government in its digitisation journey, its Chairman and CEO Arvind Krishna said on Friday. On a visit to India, Krishna met Finance Minister Nirmala Sitharaman, Telecom Minister Ashwini Vaishnaw and Minister of State for IT Rajeev Chandrasekhar to discuss deeper collaboration including skilling and workforce development. The firm that originally designed the technology and system behind ATMs, barcodes and the US social security net, is greatly enthused with\u2026 <a href=\"https:\/\/cio.economictimes.indiatimes.com\/news\/corporate-news\/ibm-bets-big-on-india-to-open-more-software-development-centres\/87812258?utm_source=RSS&#038;utm_medium=ETRSS&#038;redirect=1\" title=\"Read more\" target=\"_blank\" rel=\"nofollow noopener noreferrer\" class=\"srr-read-more\">[&#8230;]<\/a><\/p><\/div><\/div><\/div><\/div><\/div><\/div><\/div><!-- End - Super RSS Reader --><\/div><\/div><\/div><\/div>","protected":false},"excerpt":{"rendered":"","protected":false},"author":1,"featured_media":0,"parent":188,"menu_order":4,"comment_status":"closed","ping_status":"closed","template":"","meta":{"footnotes":"","_links_to":"","_links_to_target":""},"class_list":["post-223","page","type-page","status-publish","hentry"],"_links":{"self":[{"href":"https:\/\/news.1ntel.fr\/index.php\/wp-json\/wp\/v2\/pages\/223","targetHints":{"allow":["GET"]}}],"collection":[{"href":"https:\/\/news.1ntel.fr\/index.php\/wp-json\/wp\/v2\/pages"}],"about":[{"href":"https:\/\/news.1ntel.fr\/index.php\/wp-json\/wp\/v2\/types\/page"}],"author":[{"embeddable":true,"href":"https:\/\/news.1ntel.fr\/index.php\/wp-json\/wp\/v2\/users\/1"}],"replies":[{"embeddable":true,"href":"https:\/\/news.1ntel.fr\/index.php\/wp-json\/wp\/v2\/comments?post=223"}],"version-history":[{"count":2,"href":"https:\/\/news.1ntel.fr\/index.php\/wp-json\/wp\/v2\/pages\/223\/revisions"}],"predecessor-version":[{"id":345,"href":"https:\/\/news.1ntel.fr\/index.php\/wp-json\/wp\/v2\/pages\/223\/revisions\/345"}],"up":[{"embeddable":true,"href":"https:\/\/news.1ntel.fr\/index.php\/wp-json\/wp\/v2\/pages\/188"}],"wp:attachment":[{"href":"https:\/\/news.1ntel.fr\/index.php\/wp-json\/wp\/v2\/media?parent=223"}],"curies":[{"name":"wp","href":"https:\/\/api.w.org\/{rel}","templated":true}]}}