{"id":229,"date":"2021-11-04T14:55:30","date_gmt":"2021-11-04T14:55:30","guid":{"rendered":"http:\/\/news.1ntel.fr\/index.php\/etats-unis\/"},"modified":"2021-11-04T22:46:42","modified_gmt":"2021-11-04T22:46:42","slug":"etats-unis","status":"publish","type":"page","link":"https:\/\/news.1ntel.fr\/index.php\/international-tableau-de-bord\/etats-unis\/","title":{"rendered":"Etats-Unis"},"content":{"rendered":"<div id=\"pl-gb229-69f9d9379e6ca\"  class=\"panel-layout\" ><div id=\"pg-gb229-69f9d9379e6ca-0\"  class=\"panel-grid panel-no-style\" ><div id=\"pgc-gb229-69f9d9379e6ca-0-0\"  class=\"panel-grid-cell\" ><div id=\"panel-gb229-69f9d9379e6ca-0-0-0\" class=\"so-panel widget widget_super_rss_reader panel-first-child panel-last-child\" data-index=\"0\" ><h3 class=\"widget-title\">Etats-Unis<\/h3><!-- Start - Super RSS Reader v5.4-->\r\n        <div class=\"super-rss-reader-widget\"><div class=\"srr-main\"><div class=\"srr-wrap srr-style-card srr-grid srr-g-col-2 srr-pad-items\" data-visible=\"5\" data-speed=\"4000\" data-id=\"srr-tab-310\"><div class=\"srr-inner\"><div class=\"srr-item\" ><div class=\"srr-item-in srr-clearfix\"><div class=\"srr-title\"><a href=\"https:\/\/www.lesnumeriques.com\/societe-numerique\/nul-n-est-au-dessus-des-lois-la-france-perquisitionne-x-et-convoque-musk-qui-s-insurge-a-l-attaque-politique-n250996.html\" target=\"_blank\" rel=\"nofollow noopener noreferrer\" title=\"Actualit\u00e9 : &quot;Nul n&#039;est au-dessus des lois&quot;\u00a0:\u00a0la France perquisitionne X et convoque Elon Musk, qui hurle \u00e0 \u201cl&#039;attaque politique&quot;\">Actualit\u00e9 : &quot;Nul n&#039;est au-dessus des lois&quot;\u00a0:\u00a0la France perquisitionne X et convoque Elon Musk, qui hurle \u00e0 \u201cl&#039;attaque politique&quot;<\/a><\/div>\n<div class=\"srr-meta\"><time class=\"srr-date\" title=\"4 February 2026, 9:43 am UTC\">4 f\u00e9vrier 2026<\/time><\/div>\n<a href=\"https:\/\/www.lesnumeriques.com\/societe-numerique\/nul-n-est-au-dessus-des-lois-la-france-perquisitionne-x-et-convoque-musk-qui-s-insurge-a-l-attaque-politique-n250996.html\" class=\"srr-thumb srr-thumb-align_left\" style=\"width:64px;height:64px;\"  target=\"_blank\" rel=\"nofollow noopener noreferrer\"><img decoding=\"async\" src=\"https:\/\/cdn.lesnumeriques.com\/optim\/news\/25\/250996\/d1cd934d-nul-n-est-au-dessus-des-lois-la-france-perquisitionne-x-et-convoque-musk-qui-s-insurge-a-l-attaque-politique__800_800__2577-0-7762-5185.jpg\" alt=\"Actualit\u00e9 : &quot;Nul n&#039;est au-dessus des lois&quot;\u00a0:\u00a0la France perquisitionne X et convoque Elon Musk, qui hurle \u00e0 \u201cl&#039;attaque politique&quot;\" align=\"left\" loading=\"lazy\" \/><\/a>\n<div class=\"srr-summary srr-clearfix\"><p>Le parquet de Paris a perquisitionn\u00e9 mardi 3 f\u00e9vrier les bureaux fran\u00e7ais de X et convoqu\u00e9 Elon Musk pour audition. Une escalade judiciaire qui t\u00e9moigne d&#039;un durcissement sans pr\u00e9c\u00e9dent \u00e0 l&#039;\u00e9gard des plateformes num\u00e9riques. 4 Le milliardaire devra s&#039;expliquer \u00e0 Paris sur les d\u00e9rives de X et Grok.\u00a9 FotofieldLes locaux parisiens du r\u00e9seau social X ont \u00e9t\u00e9 fouill\u00e9s, mardi, par la section de lutte contre la cybercriminalit\u00e9 du parquet de Paris, \u00e9paul\u00e9e par l&#039;unit\u00e9 nationale cyber de la gendarmerie (UNCyber) et Europol. L&#039;op\u00e9ration marque un tournant dans une enqu\u00eate ouverte en janvier 2025, dont le p\u00e9rim\u00e8tre n&#039;a cess\u00e9 de s&#039;\u00e9largir.\u2026 <a href=\"https:\/\/www.lesnumeriques.com\/societe-numerique\/nul-n-est-au-dessus-des-lois-la-france-perquisitionne-x-et-convoque-musk-qui-s-insurge-a-l-attaque-politique-n250996.html\" title=\"Read more\" target=\"_blank\" rel=\"nofollow noopener noreferrer\" class=\"srr-read-more\">[&#8230;]<\/a><\/p><\/div><\/div><\/div><div class=\"srr-item srr-stripe srr-last-row-item\" ><div class=\"srr-item-in srr-clearfix\"><div class=\"srr-title\"><a href=\"https:\/\/www.visaverge.com\/news\/dna-not-required-for-esta-right-now-cbp-sees-future-data-use\/\" target=\"_blank\" rel=\"nofollow noopener noreferrer\" title=\"DNA Not Required for ESTA Right Now, CBP Sees Future Data Use\">DNA Not Required for ESTA Right Now, CBP Sees Future Data Use<\/a><\/div>\n<div class=\"srr-meta\"><time class=\"srr-date\" title=\"23 December 2025, 8:54 am UTC\">23 d\u00e9cembre 2025<\/time><\/div>\n<a href=\"https:\/\/www.visaverge.com\/news\/dna-not-required-for-esta-right-now-cbp-sees-future-data-use\/\" class=\"srr-thumb srr-thumb-align_left\" style=\"width:64px;height:64px;\"  target=\"_blank\" rel=\"nofollow noopener noreferrer\"><img decoding=\"async\" src=\"https:\/\/cdn.visaverge.com\/VisaVerge\/Travel\/TravelPhotosbyVisaVerge-43.jpg\" alt=\"DNA Not Required for ESTA Right Now, CBP Sees Future Data Use\" align=\"left\" loading=\"lazy\" \/><\/a>\n<div class=\"srr-summary srr-clearfix\"><p>\ud83d\udcc4Key takeawaysVisaVerge.com Proposal would affect roughly 14 million annual ESTA users under the Visa Waiver Program. CBP listed DNA among \u201chigh value data elements\u201d to collect \u201cwhen feasible\u201d alongside biometrics. Agency opened public comment period with comment deadline Feb. 9, 2026 for the proposal. U.S. border officials are not asking visitors to hand over DNA to get an ESTA travel authorization, but a new government proposal has put that idea on the table and sparked a fresh debate about how much personal data Americans collect at the border. On December 10, 2025, U.S. Customs and Border Protection published a notice\u2026 <a href=\"https:\/\/www.visaverge.com\/news\/dna-not-required-for-esta-right-now-cbp-sees-future-data-use\/\" title=\"Read more\" target=\"_blank\" rel=\"nofollow noopener noreferrer\" class=\"srr-read-more\">[&#8230;]<\/a><\/p><\/div><\/div><\/div><div class=\"srr-item srr-stripe\" ><div class=\"srr-item-in srr-clearfix\"><div class=\"srr-title\"><a href=\"https:\/\/www.bfmtv.com\/tech\/cybersecurite\/apres-avoir-coupe-les-budgets-de-ses-agences-l-administration-trump-s-appreterait-a-ouvrir-la-boite-de-pandore-et-a-confier-ses-operations-de-cyberguerre-a-des-entreprises-privees_AV-202512150620.html\" target=\"_blank\" rel=\"nofollow noopener noreferrer\" title=\"Apr\u00e8s avoir coup\u00e9 les budgets de ses agences, l\u2019administration Trump s\u2019appr\u00eaterait \u00e0 &quot;ouvrir la bo\u00eete de Pandore&quot; et \u00e0 confier ses op\u00e9rations de cyberguerre \u00e0 des entreprises priv\u00e9es\">Apr\u00e8s avoir coup\u00e9 les budgets de ses agences, l\u2019administration Trump s\u2019appr\u00eaterait \u00e0 &quot;ouvrir la bo\u00eete de Pandore&quot; et \u00e0 confier ses op\u00e9rations de cyberguerre \u00e0 des entreprises priv\u00e9es<\/a><\/div>\n<div class=\"srr-meta\"><time class=\"srr-date\" title=\"18 December 2025, 9:22 am UTC\">18 d\u00e9cembre 2025<\/time><\/div>\n<a href=\"https:\/\/www.bfmtv.com\/tech\/cybersecurite\/apres-avoir-coupe-les-budgets-de-ses-agences-l-administration-trump-s-appreterait-a-ouvrir-la-boite-de-pandore-et-a-confier-ses-operations-de-cyberguerre-a-des-entreprises-privees_AV-202512150620.html\" class=\"srr-thumb srr-thumb-align_left\" style=\"width:64px;height:64px;\"  target=\"_blank\" rel=\"nofollow noopener noreferrer\"><img decoding=\"async\" src=\"https:\/\/images.bfmtv.com\/Qua1Q-eFRfR8jJh8nR6LVM0d0XU=\/0x1:2048x1153\/2048x0\/images\/Le-secretaire-d-Etat-americain-Marco-Rubio-et-le-president-Donald-Trump-a-la-Maison-Blanche-le-9-octobre-2025-2152314.jpg\" alt=\"Apr\u00e8s avoir coup\u00e9 les budgets de ses agences, l\u2019administration Trump s\u2019appr\u00eaterait \u00e0 &quot;ouvrir la bo\u00eete de Pandore&quot; et \u00e0 confier ses op\u00e9rations de cyberguerre \u00e0 des entreprises priv\u00e9es\" align=\"left\" loading=\"lazy\" \/><\/a>\n<div class=\"srr-summary srr-clearfix\"><p>Selon des documents consult\u00e9s par Bloomberg, l\u2019administration Trump pr\u00e9voit de mobiliser des entreprises priv\u00e9es pour cibler les pirates informatiques criminels et \u00e9tatiques. Ce plan, d\u00e9taill\u00e9 dans une prochaine strat\u00e9gie nationale de cybers\u00e9curit\u00e9 soul\u00e8ve cependant des risques juridiques et s\u00e9curitaires pour les soci\u00e9t\u00e9s impliqu\u00e9es.La question revient au centre de tous les d\u00e9bats: aux \u00c9tats-Unis, la cyberguerre se pr\u00e9pare\u2026 mais avec quels moyens? Pour l\u2019administration Trump, la r\u00e9ponse pourrait se trouver du c\u00f4t\u00e9 du secteur priv\u00e9. En effet, elle pr\u00e9voit de recourir \u00e0 des entreprises priv\u00e9es pour mener des cyberattaques contre des adversaires \u00e9trangers, \u00e9largissant ainsi un domaine jusque-l\u00e0 r\u00e9serv\u00e9 aux agences\u2026 <a href=\"https:\/\/www.bfmtv.com\/tech\/cybersecurite\/apres-avoir-coupe-les-budgets-de-ses-agences-l-administration-trump-s-appreterait-a-ouvrir-la-boite-de-pandore-et-a-confier-ses-operations-de-cyberguerre-a-des-entreprises-privees_AV-202512150620.html\" title=\"Read more\" target=\"_blank\" rel=\"nofollow noopener noreferrer\" class=\"srr-read-more\">[&#8230;]<\/a><\/p><\/div><\/div><\/div><div class=\"srr-item srr-last-row-item\" ><div class=\"srr-item-in srr-clearfix\"><div class=\"srr-title\"><a href=\"https:\/\/next.ink\/213877\/usa-5-ans-dhistorique-de-reseaux-sociaux-pour-passer-en-tant-que-touriste-francais\/\" target=\"_blank\" rel=\"nofollow noopener noreferrer\" title=\"USA\u00a0: 5 ans d\u2019historique de r\u00e9seaux sociaux pour passer en tant que touriste fran\u00e7ais\u00a0?\">USA\u00a0: 5 ans d\u2019historique de r\u00e9seaux sociaux pour passer en tant que touriste fran\u00e7ais\u00a0?<\/a><\/div>\n<div class=\"srr-meta\"><time class=\"srr-date\" title=\"11 December 2025, 8:30 pm UTC\">11 d\u00e9cembre 2025<\/time><\/div>\n<a href=\"https:\/\/next.ink\/213877\/usa-5-ans-dhistorique-de-reseaux-sociaux-pour-passer-en-tant-que-touriste-francais\/\" class=\"srr-thumb srr-thumb-align_left\" style=\"width:64px;height:64px;\"  target=\"_blank\" rel=\"nofollow noopener noreferrer\"><img decoding=\"async\" src=\"https:\/\/next.ink\/wp-content\/uploads\/2025\/04\/Controle3-1024x496.webp\" alt=\"USA\u00a0: 5 ans d\u2019historique de r\u00e9seaux sociaux pour passer en tant que touriste fran\u00e7ais\u00a0?\" align=\"left\" loading=\"lazy\" \/><\/a>\n<div class=\"srr-summary srr-clearfix\"><p>La restriction des conditions d&#039;acc\u00e8s au sol \u00e9tats-unien s&#039;amplifie depuis le retour de Donald Trump au pouvoir. D\u00e8s avril, on apprenait que les autorit\u00e9s traquaient les propos des \u00e9tudiants \u00e9trangers pour r\u00e9voquer leurs visas. Le Service des douanes et de la protection des fronti\u00e8res des \u00c9tats-Unis (U.S. Customs and Border Protection, CBP) envisage maintenant de demander syst\u00e9matiquement 5 ans d&#039;historique de r\u00e9seaux sociaux aux visiteurs touristiques ou pour affaires de ressortissants de pays comme le Royaume-Uni, la France ou la Norv\u00e8ge qui n&#039;ont pas besoin de visa. Un ajout envisag\u00e9 dans un formulaire pour \u00e9viter la demande de visa Le\u2026 <a href=\"https:\/\/next.ink\/213877\/usa-5-ans-dhistorique-de-reseaux-sociaux-pour-passer-en-tant-que-touriste-francais\/\" title=\"Read more\" target=\"_blank\" rel=\"nofollow noopener noreferrer\" class=\"srr-read-more\">[&#8230;]<\/a><\/p><\/div><\/div><\/div><div class=\"srr-item\" ><div class=\"srr-item-in srr-clearfix\"><div class=\"srr-title\"><a href=\"https:\/\/www.numerama.com\/tech\/2127903-depuis-7-longues-annees-airbus-tente-a-tout-prix-de-quitter-microsoft-mais-ny-parvient-pas.html\" target=\"_blank\" rel=\"nofollow noopener noreferrer\" title=\"Depuis 7 longues ann\u00e9es, Airbus tente \u00e0 tout prix de quitter Microsoft, mais n&#039;y parvient pas\">Depuis 7 longues ann\u00e9es, Airbus tente \u00e0 tout prix de quitter Microsoft, mais n&#039;y parvient pas<\/a><\/div>\n<div class=\"srr-meta\"><time class=\"srr-date\" title=\"26 November 2025, 3:17 pm UTC\">26 novembre 2025<\/time><\/div>\n<a href=\"https:\/\/www.numerama.com\/tech\/2127903-depuis-7-longues-annees-airbus-tente-a-tout-prix-de-quitter-microsoft-mais-ny-parvient-pas.html\" class=\"srr-thumb srr-thumb-align_left\" style=\"width:64px;height:64px;\"  target=\"_blank\" rel=\"nofollow noopener noreferrer\"><img decoding=\"async\" src=\"https:\/\/c0.lestechnophiles.com\/www.numerama.com\/wp-content\/uploads\/2025\/11\/capture-decran-2025-11-26-a-150331-683x1024.jpg?resize=683,1024&#038;key=3f0b20ad\" alt=\"Depuis 7 longues ann\u00e9es, Airbus tente \u00e0 tout prix de quitter Microsoft, mais n&#039;y parvient pas\" align=\"left\" loading=\"lazy\" \/><\/a>\n<div class=\"srr-summary srr-clearfix\"><p>Dans un entretien accord\u00e9 au site britannique The Register, Catherine Jestin, vice-pr\u00e9sidente ex\u00e9cutive du num\u00e9rique chez Airbus, est revenue sur les difficult\u00e9s de son entreprise \u00e0 s\u2019extirper de sa d\u00e9pendance envers les produits Microsoft. Un objectif qui dure pourtant depuis plus de 7 ans. Nous sommes en mars 2018, lorsque l\u2019ancien PDG d\u2019Airbus Tom Enders annonce \u00e0 l\u2019ensemble de ses collaborateurs qu\u2019il souhaite entamer \u00e0 leurs c\u00f4t\u00e9s un \u00ab voyage vers une entreprise v\u00e9ritablement collaborative \u00bb. Au c\u0153ur de cette transformation, le passage de l\u2019environnement Microsoft Office \u00e0 Google Suite. Un choix \u00ab strat\u00e9gique \u00bb, annonce le dirigeant, qui estime\u2026 <a href=\"https:\/\/www.numerama.com\/tech\/2127903-depuis-7-longues-annees-airbus-tente-a-tout-prix-de-quitter-microsoft-mais-ny-parvient-pas.html\" title=\"Read more\" target=\"_blank\" rel=\"nofollow noopener noreferrer\" class=\"srr-read-more\">[&#8230;]<\/a><\/p><\/div><\/div><\/div><\/div><\/div><\/div><\/div><!-- End - Super RSS Reader --><\/div><\/div><\/div><\/div>","protected":false},"excerpt":{"rendered":"","protected":false},"author":1,"featured_media":0,"parent":188,"menu_order":2,"comment_status":"closed","ping_status":"closed","template":"","meta":{"footnotes":"","_links_to":"","_links_to_target":""},"class_list":["post-229","page","type-page","status-publish","hentry"],"_links":{"self":[{"href":"https:\/\/news.1ntel.fr\/index.php\/wp-json\/wp\/v2\/pages\/229","targetHints":{"allow":["GET"]}}],"collection":[{"href":"https:\/\/news.1ntel.fr\/index.php\/wp-json\/wp\/v2\/pages"}],"about":[{"href":"https:\/\/news.1ntel.fr\/index.php\/wp-json\/wp\/v2\/types\/page"}],"author":[{"embeddable":true,"href":"https:\/\/news.1ntel.fr\/index.php\/wp-json\/wp\/v2\/users\/1"}],"replies":[{"embeddable":true,"href":"https:\/\/news.1ntel.fr\/index.php\/wp-json\/wp\/v2\/comments?post=229"}],"version-history":[{"count":2,"href":"https:\/\/news.1ntel.fr\/index.php\/wp-json\/wp\/v2\/pages\/229\/revisions"}],"predecessor-version":[{"id":343,"href":"https:\/\/news.1ntel.fr\/index.php\/wp-json\/wp\/v2\/pages\/229\/revisions\/343"}],"up":[{"embeddable":true,"href":"https:\/\/news.1ntel.fr\/index.php\/wp-json\/wp\/v2\/pages\/188"}],"wp:attachment":[{"href":"https:\/\/news.1ntel.fr\/index.php\/wp-json\/wp\/v2\/media?parent=229"}],"curies":[{"name":"wp","href":"https:\/\/api.w.org\/{rel}","templated":true}]}}