{"id":233,"date":"2021-11-04T14:56:21","date_gmt":"2021-11-04T14:56:21","guid":{"rendered":"http:\/\/news.1ntel.fr\/index.php\/europe\/"},"modified":"2021-11-04T22:46:23","modified_gmt":"2021-11-04T22:46:23","slug":"europe","status":"publish","type":"page","link":"https:\/\/news.1ntel.fr\/index.php\/international-tableau-de-bord\/europe\/","title":{"rendered":"Europe"},"content":{"rendered":"<div id=\"pl-gb233-69f9d9306e743\"  class=\"panel-layout\" ><div id=\"pg-gb233-69f9d9306e743-0\"  class=\"panel-grid panel-no-style\" ><div id=\"pgc-gb233-69f9d9306e743-0-0\"  class=\"panel-grid-cell\" ><div id=\"panel-gb233-69f9d9306e743-0-0-0\" class=\"so-panel widget widget_super_rss_reader panel-first-child panel-last-child\" data-index=\"0\" ><h3 class=\"widget-title\">Europe<\/h3><!-- Start - Super RSS Reader v5.4-->\r\n        <div class=\"super-rss-reader-widget\"><div class=\"srr-main\"><div class=\"srr-wrap srr-style-card srr-grid srr-g-col-2 srr-pad-items\" data-visible=\"5\" data-speed=\"4000\" data-id=\"srr-tab-256\"><div class=\"srr-inner\"><div class=\"srr-item\" ><div class=\"srr-item-in srr-clearfix\"><div class=\"srr-title\"><a href=\"https:\/\/theconversation.com\/la-guerre-de-lenergie-a-deja-commence-en-ukraine-pourquoi-leurope-a-tout-interet-a-developper-le-stockage-thermique-274321\" target=\"_blank\" rel=\"nofollow noopener noreferrer\" title=\"La guerre de l\u2019\u00e9nergie a d\u00e9j\u00e0 commenc\u00e9 en Ukraine\u00a0: pourquoi l\u2019Europe a tout int\u00e9r\u00eat \u00e0\u00a0d\u00e9velopper le\u00a0stockage thermique\">La guerre de l\u2019\u00e9nergie a d\u00e9j\u00e0 commenc\u00e9 en Ukraine\u00a0: pourquoi l\u2019Europe a tout int\u00e9r\u00eat \u00e0\u00a0d\u00e9velopper le\u00a0stockage thermique<\/a><\/div>\n<div class=\"srr-meta\"><time class=\"srr-date\" title=\"9 February 2026, 10:30 am UTC\">9 f\u00e9vrier 2026<\/time><\/div>\n<a href=\"https:\/\/theconversation.com\/la-guerre-de-lenergie-a-deja-commence-en-ukraine-pourquoi-leurope-a-tout-interet-a-developper-le-stockage-thermique-274321\" class=\"srr-thumb srr-thumb-align_left\" style=\"width:64px;height:64px;\"  target=\"_blank\" rel=\"nofollow noopener noreferrer\"><img decoding=\"async\" src=\"https:\/\/images.theconversation.com\/files\/714413\/original\/file-20260126-56-njm4ne.jpg?ixlib=rb-4.1.0&#038;q=45&#038;auto=format&#038;w=754&#038;fit=clip\" alt=\"La guerre de l\u2019\u00e9nergie a d\u00e9j\u00e0 commenc\u00e9 en Ukraine\u00a0: pourquoi l\u2019Europe a tout int\u00e9r\u00eat \u00e0\u00a0d\u00e9velopper le\u00a0stockage thermique\" align=\"left\" loading=\"lazy\" \/><\/a>\n<div class=\"srr-summary srr-clearfix\"><p>https:\/\/theconversation.com\/la-guerre-de-lenergie-a-deja-commence-en-ukraine-pourquoi-leurope-a-tout-interet-a-developper-le-stockage-thermique-274321 La guerre en Ukraine rappelle la vuln\u00e9rabilit\u00e9 des infrastructures \u00e9nerg\u00e9tiques, qui peuvent alors se muer en cibles militaires, pourtant proscrites en tant que telles par le droit des conflits arm\u00e9s\u00a0: terminaux gaziers, centrales nucl\u00e9aires, lignes \u00e0 haute tension\u2026 Toutefois, des solutions existent pour rendre notre syst\u00e8me \u00e9nerg\u00e9tique plus r\u00e9silient, par exemple celles fond\u00e9es sur le stockage de chaleur plut\u00f4t que le simple transport d\u2019\u00e9lectricit\u00e9 ou de gaz. Ce domaine demeure malheureusement, \u00e0 l\u2019heure actuelle, un impens\u00e9 des politiques de transition \u00e9nerg\u00e9tique. Lorsque la Russie a entrepris de frapper syst\u00e9matiquement les infrastructures \u00e9nerg\u00e9tiques ukrainiennes, des millions de personnes ont \u00e9t\u00e9\u2026 <a href=\"https:\/\/theconversation.com\/la-guerre-de-lenergie-a-deja-commence-en-ukraine-pourquoi-leurope-a-tout-interet-a-developper-le-stockage-thermique-274321\" title=\"Read more\" target=\"_blank\" rel=\"nofollow noopener noreferrer\" class=\"srr-read-more\">[&#8230;]<\/a><\/p><\/div><\/div><\/div><div class=\"srr-item srr-stripe srr-last-row-item\" ><div class=\"srr-item-in srr-clearfix\"><div class=\"srr-title\"><a href=\"https:\/\/theconversation.com\/la-fin-du-secret-sur-les-salaires-un-choc-culturel-pour-les-entreprises-francaises-271689\" target=\"_blank\" rel=\"nofollow noopener noreferrer\" title=\"La fin du secret sur les salaires, un choc culturel pour les entreprises fran\u00e7aises\">La fin du secret sur les salaires, un choc culturel pour les entreprises fran\u00e7aises<\/a><\/div>\n<div class=\"srr-meta\"><time class=\"srr-date\" title=\"6 January 2026, 7:01 am UTC\">6 janvier 2026<\/time><\/div>\n<a href=\"https:\/\/theconversation.com\/la-fin-du-secret-sur-les-salaires-un-choc-culturel-pour-les-entreprises-francaises-271689\" class=\"srr-thumb srr-thumb-align_left\" style=\"width:64px;height:64px;\"  target=\"_blank\" rel=\"nofollow noopener noreferrer\"><img decoding=\"async\" src=\"https:\/\/images.theconversation.com\/files\/707840\/original\/file-20251210-64-bx2xs3.png?ixlib=rb-4.1.0&#038;q=45&#038;auto=format&#038;w=754&#038;fit=clip\" alt=\"La fin du secret sur les salaires, un choc culturel pour les entreprises fran\u00e7aises\" align=\"left\" loading=\"lazy\" \/><\/a>\n<div class=\"srr-summary srr-clearfix\"><p>https:\/\/theconversation.com\/la-fin-du-secret-sur-les-salaires-un-choc-culturel-pour-les-entreprises-francaises-271689 La directive europ\u00e9enne qui oblige de nombreuses entreprises \u00e0 faire la transparence sur les salaires sera un vrai d\u00e9fi pour les directions de ressources humaines et les managers. Car, si des \u00e9carts de salaire peuvent se justifier, il faut savoir les expliquer, ce qui n\u2019est pas toujours facile quand l\u2019argent reste tabou. Quant aux salari\u00e9s, comment r\u00e9agiront-ils quand ils d\u00e9couvriront qu\u2019ils sont plus ou moins bien pay\u00e9s que leurs coll\u00e8gues \u00e0 poste \u00e9quivalent\u00a0? C\u2019est un grand chambardement qui attend les entreprises. D\u2019ici au 7\u00a0juin 2026, les entreprises fran\u00e7aises de plus de 100\u00a0salari\u00e9s devront se conformer \u00e0 la directive europ\u00e9enne\u2026 <a href=\"https:\/\/theconversation.com\/la-fin-du-secret-sur-les-salaires-un-choc-culturel-pour-les-entreprises-francaises-271689\" title=\"Read more\" target=\"_blank\" rel=\"nofollow noopener noreferrer\" class=\"srr-read-more\">[&#8230;]<\/a><\/p><\/div><\/div><\/div><div class=\"srr-item srr-stripe\" ><div class=\"srr-item-in srr-clearfix\"><div class=\"srr-title\"><a href=\"https:\/\/www.01net.com\/actualites\/clearview-cette-societe-us-continue-de-scanner-vos-visages-malgre-les-amendes-en-europe-recit-dun-incroyable-imbroglio.html?utm_source=flipboard&#038;utm_content=01net\/magazine\/01net\" target=\"_blank\" rel=\"nofollow noopener noreferrer\" title=\"Clearview\u00a0: cette soci\u00e9t\u00e9 US continue de scanner vos visages malgr\u00e9 les amendes en Europe, r\u00e9cit d\u2019un incroyable imbroglio\">Clearview\u00a0: cette soci\u00e9t\u00e9 US continue de scanner vos visages malgr\u00e9 les amendes en Europe, r\u00e9cit d\u2019un incroyable imbroglio<\/a><\/div>\n<div class=\"srr-meta\"><time class=\"srr-date\" title=\"24 November 2025, 9:43 am UTC\">24 novembre 2025<\/time><\/div>\n<a href=\"https:\/\/www.01net.com\/actualites\/clearview-cette-societe-us-continue-de-scanner-vos-visages-malgre-les-amendes-en-europe-recit-dun-incroyable-imbroglio.html?utm_source=flipboard&#038;utm_content=01net\/magazine\/01net\" class=\"srr-thumb srr-thumb-align_left\" style=\"width:64px;height:64px;\"  target=\"_blank\" rel=\"nofollow noopener noreferrer\"><img decoding=\"async\" src=\"https:\/\/www.01net.com\/app\/uploads\/2025\/11\/videosurveillance-camera-reconnaissance-faciale-US.jpg\" alt=\"Clearview\u00a0: cette soci\u00e9t\u00e9 US continue de scanner vos visages malgr\u00e9 les amendes en Europe, r\u00e9cit d\u2019un incroyable imbroglio\" align=\"left\" loading=\"lazy\" \/><\/a>\n<div class=\"srr-summary srr-clearfix\"><p>\u00a9 Francesco Ungaro \/ Pexels. Avez-vous d\u00e9j\u00e0 publi\u00e9 des photos de vous ou de vos proches sur les plateformes et les r\u00e9seaux sociaux\u00a0? Si la r\u00e9ponse est positive, vos visages sont peut-\u00eatre d\u00e9j\u00e0 enregistr\u00e9s dans l\u2019immense base de donn\u00e9es de Clearview AI. Et cela n\u2019est pas pass\u00e9 inaper\u00e7u. Depuis plusieurs ann\u00e9es, cette soci\u00e9t\u00e9 am\u00e9ricaine qui vend des logiciels de reconnaissance faciale a \u00e9t\u00e9 reconnue coupable, sur le Vieux continent, d\u2019avoir enregistr\u00e9 des photos d\u2019Europ\u00e9ens sans autorisation. Les autorit\u00e9s italiennes, fran\u00e7aises, n\u00e9erlandaises, grecques et autrichiennes ont ordonn\u00e9 \u00e0 l\u2019entreprise domicili\u00e9e aux \u00c9tats-Unis d\u2019effacer les images et les donn\u00e9es des Europ\u00e9ens. Elles\u2026 <a href=\"https:\/\/www.01net.com\/actualites\/clearview-cette-societe-us-continue-de-scanner-vos-visages-malgre-les-amendes-en-europe-recit-dun-incroyable-imbroglio.html?utm_source=flipboard&#038;utm_content=01net\/magazine\/01net\" title=\"Read more\" target=\"_blank\" rel=\"nofollow noopener noreferrer\" class=\"srr-read-more\">[&#8230;]<\/a><\/p><\/div><\/div><\/div><div class=\"srr-item srr-last-row-item\" ><div class=\"srr-item-in srr-clearfix\"><div class=\"srr-title\"><a href=\"https:\/\/www.clubic.com\/actualite-586552-rgdp-bruxelles-pourrait-sacrifier-la-vie-privee-pour-booster-l-ia.html\" target=\"_blank\" rel=\"nofollow noopener noreferrer\" title=\"Pour le RGPD, Bruxelles pourrait sacrifier la vie priv\u00e9e pour booster l&#039;IA\">Pour le RGPD, Bruxelles pourrait sacrifier la vie priv\u00e9e pour booster l&#039;IA<\/a><\/div>\n<div class=\"srr-meta\"><time class=\"srr-date\" title=\"12 November 2025, 12:59 pm UTC\">12 novembre 2025<\/time><\/div>\n\n<div class=\"srr-summary srr-clearfix\"><p>La Commission europ\u00e9enne devrait pr\u00e9senter le 19 novembre une s\u00e9rie de propositions de lois visant \u00e0 modifier le R\u00e8glement g\u00e9n\u00e9ral sur la protection des donn\u00e9es. Cette r\u00e9forme, baptis\u00e9e Digital Omnibus, reviendrait notamment sur les notions essentielles li\u00e9es aux donn\u00e9es personnelles dans le but de favoriser l&#039;entrainement des mod\u00e8les d&#039;intelligence artificielle.Pour le RGDP, Bruxelles pourrait sacrifier la vie priv\u00e9e pour booster l&#039;IA \u00a9ShutterstockEn mati\u00e8re d&#039;intelligence artificielle, l&#039;Europe est en retard face aux \u00c9tats-Unis. Et c&#039;est v\u00e9ritablement le cadre r\u00e9glementaire sur le traitement des donn\u00e9es personnelles au sein de l&#039;UE qui creuse cet \u00e9cart. Bruxelles pourrait alors faire plusieurs concessions.Proton Business SuiteDes\u2026 <a href=\"https:\/\/www.clubic.com\/actualite-586552-rgdp-bruxelles-pourrait-sacrifier-la-vie-privee-pour-booster-l-ia.html\" title=\"Read more\" target=\"_blank\" rel=\"nofollow noopener noreferrer\" class=\"srr-read-more\">[&#8230;]<\/a><\/p><\/div><\/div><\/div><div class=\"srr-item\" ><div class=\"srr-item-in srr-clearfix\"><div class=\"srr-title\"><a href=\"https:\/\/www.usinenouvelle.com\/article\/terres-rares-bruxelles-et-pekin-ont-cree-un-canal-special-pour-garantir-l-approvisionnement-de-l-union-europeenne.N2240928\" target=\"_blank\" rel=\"nofollow noopener noreferrer\" title=\"Terres rares : Bruxelles et P\u00e9kin ont cr\u00e9\u00e9 un canal sp\u00e9cial pour garantir l&#039;approvisionnement de l&#039;Union europ\u00e9enne\">Terres rares : Bruxelles et P\u00e9kin ont cr\u00e9\u00e9 un canal sp\u00e9cial pour garantir l&#039;approvisionnement de l&#039;Union europ\u00e9enne<\/a><\/div>\n<div class=\"srr-meta\"><time class=\"srr-date\" title=\"6 November 2025, 7:36 am UTC\">6 novembre 2025<\/time><\/div>\n\n<div class=\"srr-summary srr-clearfix\"><p>Le Premier ministre chinois Li Keqiang assiste \u00e0 une conf\u00e9rence de presse conjointe apr\u00e8s le sommet UE-Chine \u00e0 Bruxelles, Belgique. \/Photo prise le 9 avril 2019\/REUTERS\/Susana Vera L&#039;Union europ\u00e9enne (UE) a \u00e9tabli un \u00abcanal sp\u00e9cial\u00bb de communication avec les autorit\u00e9s chinoises afin de garantir l&#039;approvisionnement en terres rares, essentielles pour les industries europ\u00e9ennes, a d\u00e9clar\u00e9 mercredi 5 novembre le commissaire europ\u00e9en au Commerce, Maros Sefcovic. Cette mesure fait suite aux contr\u00f4les des exportations chinoises de terres rares, qui ont suscit\u00e9 des inqui\u00e9tudes en Europe apr\u00e8s leur introduction au d\u00e9but de l&#039;ann\u00e9e. Composants essentiels \u00e0 la production industrielle Le manque de\u2026 <a href=\"https:\/\/www.usinenouvelle.com\/article\/terres-rares-bruxelles-et-pekin-ont-cree-un-canal-special-pour-garantir-l-approvisionnement-de-l-union-europeenne.N2240928\" title=\"Read more\" target=\"_blank\" rel=\"nofollow noopener noreferrer\" class=\"srr-read-more\">[&#8230;]<\/a><\/p><\/div><\/div><\/div><\/div><\/div><\/div><\/div><!-- End - Super RSS Reader --><\/div><\/div><\/div><\/div>","protected":false},"excerpt":{"rendered":"","protected":false},"author":1,"featured_media":0,"parent":188,"menu_order":3,"comment_status":"closed","ping_status":"closed","template":"","meta":{"footnotes":"","_links_to":"","_links_to_target":""},"class_list":["post-233","page","type-page","status-publish","hentry"],"_links":{"self":[{"href":"https:\/\/news.1ntel.fr\/index.php\/wp-json\/wp\/v2\/pages\/233","targetHints":{"allow":["GET"]}}],"collection":[{"href":"https:\/\/news.1ntel.fr\/index.php\/wp-json\/wp\/v2\/pages"}],"about":[{"href":"https:\/\/news.1ntel.fr\/index.php\/wp-json\/wp\/v2\/types\/page"}],"author":[{"embeddable":true,"href":"https:\/\/news.1ntel.fr\/index.php\/wp-json\/wp\/v2\/users\/1"}],"replies":[{"embeddable":true,"href":"https:\/\/news.1ntel.fr\/index.php\/wp-json\/wp\/v2\/comments?post=233"}],"version-history":[{"count":2,"href":"https:\/\/news.1ntel.fr\/index.php\/wp-json\/wp\/v2\/pages\/233\/revisions"}],"predecessor-version":[{"id":344,"href":"https:\/\/news.1ntel.fr\/index.php\/wp-json\/wp\/v2\/pages\/233\/revisions\/344"}],"up":[{"embeddable":true,"href":"https:\/\/news.1ntel.fr\/index.php\/wp-json\/wp\/v2\/pages\/188"}],"wp:attachment":[{"href":"https:\/\/news.1ntel.fr\/index.php\/wp-json\/wp\/v2\/media?parent=233"}],"curies":[{"name":"wp","href":"https:\/\/api.w.org\/{rel}","templated":true}]}}